{"id":38,"date":"2023-12-10T11:26:23","date_gmt":"2023-12-10T10:26:23","guid":{"rendered":"https:\/\/aleksandraradovanovic.com\/?page_id=38"},"modified":"2024-05-21T10:44:45","modified_gmt":"2024-05-21T09:44:45","slug":"nagrade","status":"publish","type":"page","link":"https:\/\/aleksandraradovanovic.com\/index.php\/aleksandra-radovanovic\/nagrade\/","title":{"rendered":"Nagrade"},"content":{"rendered":"\n<h2 class=\"wp-block-heading\"><strong>KLAVIR<\/strong><\/h2>\n\n\n\n<p>2019 &#8211;&nbsp; II nagrada u IIIb kategoriji na Republi\u010dkom takmi\u010denju u\u010denika muzi\u010dkih i baletskih \u0161kola Srbije<\/p>\n\n\n\n<p>2018 &#8211;&nbsp; I nagrada na \u0161kolskom takmi\u010denju<\/p>\n\n\n\n<p>2017 \u2013 III nagrada na II kategoriji na Republi\u010dkom takmi\u010denju u\u010denika muzi\u010dkih i baletskih \u0161kola Srbije<\/p>\n\n\n\n<p>2016 \u2013 I nagrada na \u0161kolskom takmi\u010denju<\/p>\n\n\n\n<h2 class=\"wp-block-heading\"><strong>HARFA<\/strong><\/h2>\n\n\n\n<p>2024 &#8211; II nagrada na me\u0111unarodnom takmi\u010denju \u201ePetar Konjov<\/p>\n\n\n\n<p>2024 &#8211; I nagrada, Laureat i posebna nagrada \u017eirija na Memorijalu &#8220;Milica Bari\u0107&#8221;. Nagrada: Harfa &#8220;Euphonia&#8221;. Poziv za u\u010de\u0161\u0107e na koncertu u okviru XXIII Me\u0111unarodnog festivala harfe u Beogradu<\/p>\n\n\n\n<p>2024 &#8211; I nagrada na Vojvo\u0111anskom festivalu harfe<\/p>\n\n\n\n<p>2024 &#8211; I nagrada na Concours International Leopold Bellan i poziv za u\u010de\u0161\u0107e na Super-finalnom koncertu u Parizu<\/p>\n\n\n\n<p>2024 &#8211; II nagrada na Savshinsky International Music Competition<\/p>\n\n\n\n<p>2024 &#8211; I nagrada na Memorijalu &#8220;Du\u0161an Proti\u0107&#8221;<\/p>\n\n\n\n<p>2024 &#8211; I nagrada na IV Lugano International Competition<\/p>\n\n\n\n<p>2023 &#8211; I nagrada na Royal Mass International Competition <\/p>\n\n\n\n<p>2023 &#8211; I nagrada na Servaas International Online Music Competition<\/p>\n\n\n\n<p>2023 &#8211; I nagrada i apsolutni pobednik u kategoriji harfe i u\u010desnik Master Finala (osvojena II velika nagrada) na XIV World Open Music Competition i poziv za u\u010de\u0161\u0107e na letnjem muzi\u010dkom festivalu &#8220;Cap Ferret&#8221;<\/p>\n\n\n\n<p>2023 \u2013 I nagrada i specijalna nagrada \u017eirija za najbolje izvedenu obaveznu kompoziciju na JSFest Competition, Finska<\/p>\n\n\n\n<p>2023 \u2013 II nagrada i posebna nagrada \u017eirija za zadatu kompoziciju na Scandinavian International Instrumental Music Competition, Finska<\/p>\n\n\n\n<p>2023 \u2013 Laureat, Zlatna plaketa i posebna nagrada \u017eirija za delo doma\u0107eg kompozitora na Memorijalu \u201eMilica Bari\u0107\u201c<\/p>\n\n\n\n<p>2023 \u2013 Zlatna plaketa, III nagrada i posebna nagrada \u017eirija za zadatu kompoziciju na 6. me\u0111unarodnom takmi\u010denju dru\u0161tva harfista Slovenije u Celju<\/p>\n\n\n\n<p>2023 \u2013 II nagrada u V kategoriji na Republi\u010dkom takmi\u010denju u\u010denika muzi\u010dkih i baletskih \u0161kola Srbije<\/p>\n\n\n\n<p>2023 \u2013 I nagrada na Memorijalu \u201eDu\u0161an Proti\u0107\u201c<\/p>\n\n\n\n<p>2022 \u2013 I nagrada u II kategoriji na me\u0111unarodnom takmi\u010denju \u201ePetar Konjovi\u0107\u201c<\/p>\n\n\n\n<p>2022 \u2013 Zlatna plaketa i I nagrada na Vojvo\u0111anskom festivalu harfe<\/p>\n\n\n\n<p>2022 \u2013 I nagrada na Memorijalu \u201eDu\u0161an Proti\u0107\u201c<\/p>\n\n\n\n<p>2021 \u2013 I nagrada u IV kategoriji na Republi\u010dkom takmi\u010denju u\u010denika muzi\u010dkih i baletskih \u0161kola Srbije<\/p>\n\n\n\n<p>2020 \u2013 I nagrada na Memorijalu \u201eDu\u0161an Proti\u0107\u201c<\/p>\n\n\n\n<p>2018 \u2013 II nagrada na Memorijalu \u201eDu\u0161an Proti\u0107\u201c<\/p>\n\n\n\n<p>2018 \u2013 II nagrada u II kategoriji na Republi\u010dkom takmi\u010denju u\u010denika muzi\u010dkih i baletskih \u0161kola Srbije<\/p>\n\n\n\n<p>2017- I nagrada na Memorijalu \u201eDu\u0161an Proti\u0107\u201c<\/p>\n\n\n\n<p>2017 \u2013 III nagrada u I kategoriji na me\u0111unarodnom takmi\u010denju \u201ePetar Konjovi\u0107\u201c<\/p>\n\n\n\n<p>2016 \u2013 I nagrada u I kategoriji na Republi\u010dkom takmi\u010denju u\u010denika muzi\u010dkih i baletskih \u0161kola Srbije<\/p>\n\n\n\n<p><strong>SOLO PEVANJE<\/strong><\/p>\n\n\n\n<p>2023 &#8211; I nagrada na me\u0111unarodnom takmi<\/p>\n","protected":false},"excerpt":{"rendered":"<p>KLAVIR 2019 &#8211;&nbsp; II nagrada u IIIb kategoriji na Republi\u010dkom takmi\u010denju u\u010denika muzi\u010dkih i baletskih \u0161kola Srbije 2018 &#8211;&nbsp; I nagrada na \u0161kolskom takmi\u010denju 2017 \u2013 III nagrada na II kategoriji na Republi\u010dkom takmi\u010denju u\u010denika muzi\u010dkih i baletskih \u0161kola Srbije 2016 \u2013 I nagrada na \u0161kolskom takmi\u010denju HARFA 2024 &#8211; II nagrada na me\u0111unarodnom takmi\u010denju &hellip; <\/p>\n<p class=\"link-more\"><a href=\"https:\/\/aleksandraradovanovic.com\/index.php\/aleksandra-radovanovic\/nagrade\/\" class=\"more-link\">Continue reading<span class=\"screen-reader-text\"> &#8220;Nagrade&#8221;<\/span><\/a><\/p>\n","protected":false},"author":1,"featured_media":0,"parent":43,"menu_order":2,"comment_status":"closed","ping_status":"closed","template":"","meta":{"footnotes":""},"class_list":["post-38","page","type-page","status-publish","hentry"],"_links":{"self":[{"href":"https:\/\/aleksandraradovanovic.com\/index.php\/wp-json\/wp\/v2\/pages\/38","targetHints":{"allow":["GET"]}}],"collection":[{"href":"https:\/\/aleksandraradovanovic.com\/index.php\/wp-json\/wp\/v2\/pages"}],"about":[{"href":"https:\/\/aleksandraradovanovic.com\/index.php\/wp-json\/wp\/v2\/types\/page"}],"author":[{"embeddable":true,"href":"https:\/\/aleksandraradovanovic.com\/index.php\/wp-json\/wp\/v2\/users\/1"}],"replies":[{"embeddable":true,"href":"https:\/\/aleksandraradovanovic.com\/index.php\/wp-json\/wp\/v2\/comments?post=38"}],"version-history":[{"count":5,"href":"https:\/\/aleksandraradovanovic.com\/index.php\/wp-json\/wp\/v2\/pages\/38\/revisions"}],"predecessor-version":[{"id":239,"href":"https:\/\/aleksandraradovanovic.com\/index.php\/wp-json\/wp\/v2\/pages\/38\/revisions\/239"}],"up":[{"embeddable":true,"href":"https:\/\/aleksandraradovanovic.com\/index.php\/wp-json\/wp\/v2\/pages\/43"}],"wp:attachment":[{"href":"https:\/\/aleksandraradovanovic.com\/index.php\/wp-json\/wp\/v2\/media?parent=38"}],"curies":[{"name":"wp","href":"https:\/\/api.w.org\/{rel}","templated":true}]}}