{"id":41,"date":"2023-12-10T11:27:35","date_gmt":"2023-12-10T10:27:35","guid":{"rendered":"https:\/\/aleksandraradovanovic.com\/?page_id=41"},"modified":"2023-12-10T17:01:29","modified_gmt":"2023-12-10T16:01:29","slug":"biografija","status":"publish","type":"page","link":"https:\/\/aleksandraradovanovic.com\/index.php\/aleksandra-radovanovic\/biografija\/","title":{"rendered":"Biografija"},"content":{"rendered":"\n<p>Aleksandra Radovanovi\u0107, ro\u0111ena je 28.06.2005. u Beogradu. Od sedme godine \u017eivota, aktivno se bavi muzikom. U klasi profesorke Jelene Stojiljkovi\u0107-Vrani\u0107, zavr\u0161ila je osnovnu i srednju muzi\u010dku \u0161kolu \u201eMokranjac\u201c, na smeru \u201eklavir\u201c.<\/p>\n\n\n\n<p>Trenutno je 4. razred srednje muzi\u010dke \u0161kole \u201eMokranjac\u201c, na smeru \u201eHarfa\u201c, u klasi profesorke Dijane Sretenovi\u0107, kod koje se \u0161koluje ve\u0107 desetu godinu.<\/p>\n\n\n\n<p>Tokom svog muzi\u010dkog \u0161kolovanja, u\u010destvovala je na mnogobrojnim \u0161kolskim takmi\u010denjima, na republi\u010dkim i me\u0111unarodnim takmi\u010denjima u zemlji, na raznim Memorijalima, a u poslednje vreme i na me\u0111unarodnim takmi\u010denjima, van zemlje.<\/p>\n\n\n\n<p>Od Septembra 2023, u\u010denica je i osnovne muzi\u010dke \u0161kole \u201eMokranjac\u201c, na smeru \u201eSolo pevanje\u201c u klasi profesorke Valentine Ta\u0161kove.<\/p>\n\n\n\n<p>Aktivno u\u010destvuje na svim koncertima u \u0161koli, a neka od zapa\u017eenijih u\u010de\u0161\u0107a mimo \u0161kole su i slede\u0107i koncerti: Novogodi\u0161nji koncert u Narodnom muzeju 2021,&nbsp; Koncert povodom dana \u0161kole u Zadu\u017ebini I.Kolarca u Aprilu 2023, Koncert u Baroknoj dvorani u Zrenjaninu, Kustendorf Klasik 2023, Koncert u Muzeju nauke i tehnike u Oktobru 2023.<\/p>\n","protected":false},"excerpt":{"rendered":"<p>Aleksandra Radovanovi\u0107, ro\u0111ena je 28.06.2005. u Beogradu. Od sedme godine \u017eivota, aktivno se bavi muzikom. U klasi profesorke Jelene Stojiljkovi\u0107-Vrani\u0107, zavr\u0161ila je osnovnu i srednju muzi\u010dku \u0161kolu \u201eMokranjac\u201c, na smeru \u201eklavir\u201c. Trenutno je 4. razred srednje muzi\u010dke \u0161kole \u201eMokranjac\u201c, na smeru \u201eHarfa\u201c, u klasi profesorke Dijane Sretenovi\u0107, kod koje se \u0161koluje ve\u0107 desetu godinu. Tokom &hellip; <\/p>\n<p class=\"link-more\"><a href=\"https:\/\/aleksandraradovanovic.com\/index.php\/aleksandra-radovanovic\/biografija\/\" class=\"more-link\">Continue reading<span class=\"screen-reader-text\"> &#8220;Biografija&#8221;<\/span><\/a><\/p>\n","protected":false},"author":1,"featured_media":0,"parent":43,"menu_order":1,"comment_status":"closed","ping_status":"closed","template":"","meta":{"footnotes":""},"class_list":["post-41","page","type-page","status-publish","hentry"],"_links":{"self":[{"href":"https:\/\/aleksandraradovanovic.com\/index.php\/wp-json\/wp\/v2\/pages\/41","targetHints":{"allow":["GET"]}}],"collection":[{"href":"https:\/\/aleksandraradovanovic.com\/index.php\/wp-json\/wp\/v2\/pages"}],"about":[{"href":"https:\/\/aleksandraradovanovic.com\/index.php\/wp-json\/wp\/v2\/types\/page"}],"author":[{"embeddable":true,"href":"https:\/\/aleksandraradovanovic.com\/index.php\/wp-json\/wp\/v2\/users\/1"}],"replies":[{"embeddable":true,"href":"https:\/\/aleksandraradovanovic.com\/index.php\/wp-json\/wp\/v2\/comments?post=41"}],"version-history":[{"count":1,"href":"https:\/\/aleksandraradovanovic.com\/index.php\/wp-json\/wp\/v2\/pages\/41\/revisions"}],"predecessor-version":[{"id":42,"href":"https:\/\/aleksandraradovanovic.com\/index.php\/wp-json\/wp\/v2\/pages\/41\/revisions\/42"}],"up":[{"embeddable":true,"href":"https:\/\/aleksandraradovanovic.com\/index.php\/wp-json\/wp\/v2\/pages\/43"}],"wp:attachment":[{"href":"https:\/\/aleksandraradovanovic.com\/index.php\/wp-json\/wp\/v2\/media?parent=41"}],"curies":[{"name":"wp","href":"https:\/\/api.w.org\/{rel}","templated":true}]}}